{"id":15298,"date":"2022-02-03T13:10:24","date_gmt":"2022-02-03T11:10:24","guid":{"rendered":"https:\/\/www.projectnetworld.com\/tryck\/"},"modified":"2023-12-09T13:48:56","modified_gmt":"2023-12-09T13:48:56","slug":"tryck","status":"publish","type":"page","link":"https:\/\/www.projectnetworld.com\/sv\/tryck\/","title":{"rendered":"Tryck"},"content":{"rendered":"<div id='layer_slider_1'  class='avia-layerslider main_color avia-shadow  avia-builder-el-0  el_before_av_heading  avia-builder-el-first  container_wrap sidebar_right'  style='height: 151px;'  ><div id=\"layerslider_53_j40kwh1mvae4\"  class=\"ls-wp-container fitvidsignore ls-selectable\" style=\"width:1140px;height:150px;margin:0 auto;margin-bottom: 0px;\"><div class=\"ls-slide\" data-ls=\"bgcolor:#262223;duration:4000;transition2d:47;\"><img wpfc-lazyload-disable=\"true\" loading=\"lazy\" decoding=\"async\" width=\"1\" height=\"1\" src=\"https:\/\/www.projectnetworld.com\/wp-content\/uploads\/2022\/02\/pnw-haekchen_4e7797.svg\" class=\"ls-l ls-hide-desktop ls-hide-tablet ls-img-layer\" alt=\"\" wpfc-lazyload-disable=\"true\" style=\"top:-71px;left:380px;width:405px;height:374px;font-size:36px;line-height:falsepx;opacity:0.6;\" data-ls=\"offsetyin:lh;durationin:1200;delayin:150;offsetyout:100px;durationout:1500;slidedirection:bottom;slideoutdirection:bottom;\"><h1 style=\"font-size:80px;color:white;top:50%;left:50%;font-family:open sans;\" class=\"ls-l ls-hide-desktop ls-hide-tablet ls-text-layer\" data-ls=\"offsetxin:left;offsetxout:auto;durationout:1500;slidedirection:left;\">Impressum<\/h1><h1 style=\"font-size:56px;color:white;top:50%;left:50%;font-family:open sans;\" class=\"ls-l ls-hide-desktop ls-hide-phone ls-text-layer\" data-ls=\"offsetxin:left;offsetxout:auto;durationout:1500;slidedirection:left;\">Impressum<\/h1><img wpfc-lazyload-disable=\"true\" loading=\"lazy\" decoding=\"async\" width=\"1\" height=\"1\" src=\"https:\/\/www.projectnetworld.com\/wp-content\/uploads\/2022\/02\/pnw-haekchen_4e7797.svg\" class=\"ls-l ls-hide-phone ls-img-layer\" alt=\"\" wpfc-lazyload-disable=\"true\" style=\"top:-26px;left:875px;width:202px;height:202px;font-size:36px;line-height:falsepx;\" data-ls=\"offsetyin:lh;durationin:1200;delayin:150;offsetyout:100px;durationout:1500;slidedirection:bottom;slideoutdirection:bottom;\"><h1 style=\"font-size:40px;color:white;top:53px;left:54px;font-family:open sans;\" class=\"ls-l ls-hide-tablet ls-hide-phone ls-text-layer\" data-ls=\"offsetxin:left;offsetxout:auto;durationout:1500;slidedirection:left;\">Impressum<\/h1><\/div><\/div><\/div><div id='after_layer_slider_1'  class='main_color av_default_container_wrap container_wrap sidebar_right'  ><div class='container av-section-cont-open' ><div class='template-page content  av-content-small alpha units'><div class='post-entry post-entry-type-page post-entry-15298'><div class='entry-content-wrapper clearfix'>\n\n<style type=\"text\/css\" data-created_by=\"avia_inline_auto\" id=\"style-css-av-l0fg025p-b4a0cdadeac7fc338c33603803b965c0\">\n#top .av-special-heading.av-l0fg025p-b4a0cdadeac7fc338c33603803b965c0{\npadding-bottom:60px;\nfont-size:30px;\n}\nbody .av-special-heading.av-l0fg025p-b4a0cdadeac7fc338c33603803b965c0 .av-special-heading-tag .heading-char{\nfont-size:25px;\n}\n#top #wrap_all .av-special-heading.av-l0fg025p-b4a0cdadeac7fc338c33603803b965c0 .av-special-heading-tag{\nfont-size:30px;\n}\n.av-special-heading.av-l0fg025p-b4a0cdadeac7fc338c33603803b965c0 .av-subheading{\nfont-size:18px;\n}\n<\/style>\n<div  class='av-special-heading av-l0fg025p-b4a0cdadeac7fc338c33603803b965c0 av-special-heading-h3 custom-color-heading blockquote modern-quote  avia-builder-el-1  el_after_av_layerslider  el_before_av_one_half  avia-builder-el-first  av-inherit-size'><h3 class='av-special-heading-tag'  itemprop=\"headline\"  >  Vad du beh\u00f6ver veta om oss.  <\/h3><div class=\"special-heading-border\"><div class=\"special-heading-inner-border\"><\/div><\/div><\/div>\n<p><div class='flex_column av-3vl5hi-89181f8776a8dff6d6d1269954f5e479 av_one_half  avia-builder-el-2  el_after_av_heading  el_before_av_one_half  first flex_column_div '   ><section  class='av_textblock_section av-l0fg2c5v-a2669b0dd619942e39300ff5c4e771d2'  itemscope=\"itemscope\" itemtype=\"https:\/\/schema.org\/CreativeWork\" ><div class='avia_textblock'  itemprop=\"text\" ><h4>Impressum och information<\/h4>\n<\/div><\/section><br \/>\n<section  class='av_textblock_section av-l0fg467h-fe6f1c69f503bf7fe6727ac50f171069'  itemscope=\"itemscope\" itemtype=\"https:\/\/schema.org\/CreativeWork\" ><div class='avia_textblock'  itemprop=\"text\" ><h5 class=\"font_8\">Projekt Networld AG<\/h5>\n<p class=\"font_8\">Seidlgasse 21<br \/>\nA-1030 Wien<br \/>\nT: +43 1 713 48 48-0<br \/>\nF: +43 1 713 48 48-480<br \/>\nE: <a>office@projectnetworld.com<\/a><\/p>\n<p class=\"font_8\"><span class=\"wixGuard\"><\/span><\/p>\n<p class=\"font_8\">UID: ATU49758908<br \/>\nRegistreringsnummer: 196396 v<br \/>\nHandelsregisterdomstolen: Handelsdomstolen i Wien<\/p>\n<p class=\"font_8\"><span class=\"wixGuard\"><\/span><\/p>\n<p class=\"font_8\">Medlem i WKO, WKW: F\u00f6retagsr\u00e5dgivning, redovisning och informationsteknik samt handel med datorer och kontorssystem<\/p>\n<p class=\"font_8\">F\u00f6retagets verksamhet: Utveckling och drift av Saas-baserad programvara f\u00f6r projektledning (programvara som en tj\u00e4nst).<\/p>\n<\/div><\/section><br \/>\n<div  class='hr av-29x3ty-d74e0e3b847b8cf2cd0bfbde6bd72e0c hr-default  avia-builder-el-5  el_after_av_textblock  el_before_av_textblock '><span class='hr-inner '><span class=\"hr-inner-style\"><\/span><\/span><\/div><br \/>\n<section  class='av_textblock_section av-l0fg7gfl-c0b09bd5dd08d6f9a8fd25a80a6b0fd8'  itemscope=\"itemscope\" itemtype=\"https:\/\/schema.org\/CreativeWork\" ><div class='avia_textblock'  itemprop=\"text\" ><h4>Styrelse, tillsynsr\u00e5d, aktieinnehav<\/h4>\n<\/div><\/section><br \/>\n<section  class='av_textblock_section av-l0fg8309-269e476b765fa71ee88cf2e0ebf4c2d1'  itemscope=\"itemscope\" itemtype=\"https:\/\/schema.org\/CreativeWork\" ><div class='avia_textblock'  itemprop=\"text\" ><h5 class=\"font_4\">Styrelse<\/h5>\n<p class=\"font_8\">Deborah Kilian<br \/>\nVerkst\u00e4llande direkt\u00f6r<\/p>\n<p class=\"font_8\">Ing. Robert Hauptmann<br \/>\nLedamot av direktionen<\/p>\n<h4 class=\"font_4\"><\/h4>\n<h5 class=\"font_4\">Tillsynsn\u00e4mnden<\/h5>\n<p class=\"font_8\">Alfred Krupp<br \/>\nOrdf\u00f6rande i tillsynsn\u00e4mnden<\/p>\n<p class=\"font_8\">Prof. Dipl.-Ing. Dr Georg Turnheim<br \/>\nVice ordf\u00f6rande i tillsynsn\u00e4mnden<\/p>\n<p class=\"font_8\">Dr Bernhard Huppmann<br \/>\nLedamot av tillsynsstyrelsen<\/p>\n<\/div><\/section><\/p><\/div><div class='flex_column av-20gj12-8e0d9b8d49bf190e63918c6b5512a566 av_one_half  avia-builder-el-8  el_after_av_one_half  avia-builder-el-last  flex_column_div '   ><section  class='av_textblock_section av-l0fg4q96-c5145c5685cb881552740db9876fa1cb'  itemscope=\"itemscope\" itemtype=\"https:\/\/schema.org\/CreativeWork\" ><div class='avia_textblock'  itemprop=\"text\" ><h4>Bladlinje<\/h4>\n<\/div><\/section><br \/>\n<section  class='av_textblock_section av-l0fg56mu-46eb41852fa0b32c85bebd9f6a99e791'  itemscope=\"itemscope\" itemtype=\"https:\/\/schema.org\/CreativeWork\" ><div class='avia_textblock'  itemprop=\"text\" ><p>Project Networld AG tillhandah\u00e5ller information via sin webbplats och genom att skicka ut nyhetsbrev om digitalisering, s\u00e4rskilt inom byggbranschen, och om programvaran projectnetworld. Detta inkluderar information och \u00e5sikter om aktuell utveckling, nyheter, fallstudier, b\u00e4sta praxis eller tips och tricks, tekniska och applikationsrelaterade nyheter inom produktutveckling och f\u00f6retagsevenemang.<\/p>\n<\/div><\/section><\/p><\/div><\/p>\n","protected":false},"excerpt":{"rendered":"","protected":false},"author":2,"featured_media":0,"parent":0,"menu_order":0,"comment_status":"closed","ping_status":"closed","template":"","meta":{"inline_featured_image":false,"footnotes":""},"categories":[],"tags":[],"class_list":["post-15298","page","type-page","status-publish","hentry"],"yoast_head":"<!-- This site is optimized with the Yoast SEO Premium plugin v25.4 (Yoast SEO v25.4) - https:\/\/yoast.com\/wordpress\/plugins\/seo\/ -->\n<title>Projekt Networld AG - Tryck<\/title>\n<meta name=\"description\" content=\"Project Networld AG Imprint &amp; Disclosure - Seidlgasse 21, 1030 Wien, Tel.: +43 1 714 24 40 - office@projectnetworld.com\" \/>\n<meta name=\"robots\" content=\"index, follow, max-snippet:-1, max-image-preview:large, max-video-preview:-1\" \/>\n<link rel=\"canonical\" href=\"https:\/\/www.projectnetworld.com\/sv\/tryck\/\" \/>\n<meta property=\"og:locale\" content=\"sv_SE\" \/>\n<meta property=\"og:type\" content=\"article\" \/>\n<meta property=\"og:title\" content=\"Tryck\" \/>\n<meta property=\"og:description\" content=\"Project Networld AG Imprint &amp; Disclosure - Seidlgasse 21, 1030 Wien, Tel.: +43 1 714 24 40 - office@projectnetworld.com\" \/>\n<meta property=\"og:url\" content=\"https:\/\/www.projectnetworld.com\/sv\/tryck\/\" \/>\n<meta property=\"og:site_name\" content=\"projectnetworld\" \/>\n<meta property=\"article:publisher\" content=\"https:\/\/www.facebook.com\/projectnetworld\" \/>\n<meta property=\"article:modified_time\" content=\"2023-12-09T13:48:56+00:00\" \/>\n<meta name=\"twitter:card\" content=\"summary_large_image\" \/>\n<meta name=\"twitter:label1\" content=\"Ber\u00e4knad l\u00e4stid\" \/>\n\t<meta name=\"twitter:data1\" content=\"6 minuter\" \/>\n<script type=\"application\/ld+json\" class=\"yoast-schema-graph\">{\"@context\":\"https:\/\/schema.org\",\"@graph\":[{\"@type\":\"WebPage\",\"@id\":\"https:\/\/www.projectnetworld.com\/sv\/tryck\/\",\"url\":\"https:\/\/www.projectnetworld.com\/sv\/tryck\/\",\"name\":\"Projekt Networld AG - Tryck\",\"isPartOf\":{\"@id\":\"https:\/\/www.projectnetworld.com\/sv\/#website\"},\"datePublished\":\"2022-02-03T11:10:24+00:00\",\"dateModified\":\"2023-12-09T13:48:56+00:00\",\"description\":\"Project Networld AG Imprint & Disclosure - Seidlgasse 21, 1030 Wien, Tel.: +43 1 714 24 40 - office@projectnetworld.com\",\"breadcrumb\":{\"@id\":\"https:\/\/www.projectnetworld.com\/sv\/tryck\/#breadcrumb\"},\"inLanguage\":\"sv-SE\",\"potentialAction\":[{\"@type\":\"ReadAction\",\"target\":[\"https:\/\/www.projectnetworld.com\/sv\/tryck\/\"]}]},{\"@type\":\"BreadcrumbList\",\"@id\":\"https:\/\/www.projectnetworld.com\/sv\/tryck\/#breadcrumb\",\"itemListElement\":[{\"@type\":\"ListItem\",\"position\":1,\"name\":\"Startseite\",\"item\":\"https:\/\/www.projectnetworld.com\/sv\/hem\/\"},{\"@type\":\"ListItem\",\"position\":2,\"name\":\"Tryck\"}]},{\"@type\":\"WebSite\",\"@id\":\"https:\/\/www.projectnetworld.com\/sv\/#website\",\"url\":\"https:\/\/www.projectnetworld.com\/sv\/\",\"name\":\"projectnetworld\",\"description\":\"Bauprojektmanagement Software\",\"publisher\":{\"@id\":\"https:\/\/www.projectnetworld.com\/sv\/#organization\"},\"potentialAction\":[{\"@type\":\"SearchAction\",\"target\":{\"@type\":\"EntryPoint\",\"urlTemplate\":\"https:\/\/www.projectnetworld.com\/sv\/?s={search_term_string}\"},\"query-input\":{\"@type\":\"PropertyValueSpecification\",\"valueRequired\":true,\"valueName\":\"search_term_string\"}}],\"inLanguage\":\"sv-SE\"},{\"@type\":[\"Organization\",\"Place\"],\"@id\":\"https:\/\/www.projectnetworld.com\/sv\/#organization\",\"name\":\"Project Networld AG\",\"url\":\"https:\/\/www.projectnetworld.com\/sv\/\",\"logo\":{\"@id\":\"https:\/\/www.projectnetworld.com\/sv\/tryck\/#local-main-organization-logo\"},\"image\":{\"@id\":\"https:\/\/www.projectnetworld.com\/sv\/tryck\/#local-main-organization-logo\"},\"sameAs\":[\"https:\/\/www.facebook.com\/projectnetworld\",\"https:\/\/www.linkedin.com\/company\/projectnetworldag\"],\"telephone\":[],\"openingHoursSpecification\":[{\"@type\":\"OpeningHoursSpecification\",\"dayOfWeek\":[\"Monday\",\"Tuesday\",\"Wednesday\",\"Thursday\",\"Friday\",\"Saturday\",\"Sunday\"],\"opens\":\"09:00\",\"closes\":\"17:00\"}]},{\"@type\":\"ImageObject\",\"inLanguage\":\"sv-SE\",\"@id\":\"https:\/\/www.projectnetworld.com\/sv\/tryck\/#local-main-organization-logo\",\"url\":\"https:\/\/www.projectnetworld.com\/wp-content\/uploads\/2022\/03\/pnw-footer-logo-1-1.svg\",\"contentUrl\":\"https:\/\/www.projectnetworld.com\/wp-content\/uploads\/2022\/03\/pnw-footer-logo-1-1.svg\",\"caption\":\"Project Networld AG\"}]}<\/script>\n<!-- \/ Yoast SEO Premium plugin. -->","yoast_head_json":{"title":"Projekt Networld AG - Tryck","description":"Project Networld AG Imprint & Disclosure - Seidlgasse 21, 1030 Wien, Tel.: +43 1 714 24 40 - office@projectnetworld.com","robots":{"index":"index","follow":"follow","max-snippet":"max-snippet:-1","max-image-preview":"max-image-preview:large","max-video-preview":"max-video-preview:-1"},"canonical":"https:\/\/www.projectnetworld.com\/sv\/tryck\/","og_locale":"sv_SE","og_type":"article","og_title":"Tryck","og_description":"Project Networld AG Imprint & Disclosure - Seidlgasse 21, 1030 Wien, Tel.: +43 1 714 24 40 - office@projectnetworld.com","og_url":"https:\/\/www.projectnetworld.com\/sv\/tryck\/","og_site_name":"projectnetworld","article_publisher":"https:\/\/www.facebook.com\/projectnetworld","article_modified_time":"2023-12-09T13:48:56+00:00","twitter_card":"summary_large_image","twitter_misc":{"Ber\u00e4knad l\u00e4stid":"6 minuter"},"schema":{"@context":"https:\/\/schema.org","@graph":[{"@type":"WebPage","@id":"https:\/\/www.projectnetworld.com\/sv\/tryck\/","url":"https:\/\/www.projectnetworld.com\/sv\/tryck\/","name":"Projekt Networld AG - Tryck","isPartOf":{"@id":"https:\/\/www.projectnetworld.com\/sv\/#website"},"datePublished":"2022-02-03T11:10:24+00:00","dateModified":"2023-12-09T13:48:56+00:00","description":"Project Networld AG Imprint & Disclosure - Seidlgasse 21, 1030 Wien, Tel.: +43 1 714 24 40 - office@projectnetworld.com","breadcrumb":{"@id":"https:\/\/www.projectnetworld.com\/sv\/tryck\/#breadcrumb"},"inLanguage":"sv-SE","potentialAction":[{"@type":"ReadAction","target":["https:\/\/www.projectnetworld.com\/sv\/tryck\/"]}]},{"@type":"BreadcrumbList","@id":"https:\/\/www.projectnetworld.com\/sv\/tryck\/#breadcrumb","itemListElement":[{"@type":"ListItem","position":1,"name":"Startseite","item":"https:\/\/www.projectnetworld.com\/sv\/hem\/"},{"@type":"ListItem","position":2,"name":"Tryck"}]},{"@type":"WebSite","@id":"https:\/\/www.projectnetworld.com\/sv\/#website","url":"https:\/\/www.projectnetworld.com\/sv\/","name":"projectnetworld","description":"Bauprojektmanagement Software","publisher":{"@id":"https:\/\/www.projectnetworld.com\/sv\/#organization"},"potentialAction":[{"@type":"SearchAction","target":{"@type":"EntryPoint","urlTemplate":"https:\/\/www.projectnetworld.com\/sv\/?s={search_term_string}"},"query-input":{"@type":"PropertyValueSpecification","valueRequired":true,"valueName":"search_term_string"}}],"inLanguage":"sv-SE"},{"@type":["Organization","Place"],"@id":"https:\/\/www.projectnetworld.com\/sv\/#organization","name":"Project Networld AG","url":"https:\/\/www.projectnetworld.com\/sv\/","logo":{"@id":"https:\/\/www.projectnetworld.com\/sv\/tryck\/#local-main-organization-logo"},"image":{"@id":"https:\/\/www.projectnetworld.com\/sv\/tryck\/#local-main-organization-logo"},"sameAs":["https:\/\/www.facebook.com\/projectnetworld","https:\/\/www.linkedin.com\/company\/projectnetworldag"],"telephone":[],"openingHoursSpecification":[{"@type":"OpeningHoursSpecification","dayOfWeek":["Monday","Tuesday","Wednesday","Thursday","Friday","Saturday","Sunday"],"opens":"09:00","closes":"17:00"}]},{"@type":"ImageObject","inLanguage":"sv-SE","@id":"https:\/\/www.projectnetworld.com\/sv\/tryck\/#local-main-organization-logo","url":"https:\/\/www.projectnetworld.com\/wp-content\/uploads\/2022\/03\/pnw-footer-logo-1-1.svg","contentUrl":"https:\/\/www.projectnetworld.com\/wp-content\/uploads\/2022\/03\/pnw-footer-logo-1-1.svg","caption":"Project Networld AG"}]}},"_links":{"self":[{"href":"https:\/\/www.projectnetworld.com\/sv\/wp-json\/wp\/v2\/pages\/15298"}],"collection":[{"href":"https:\/\/www.projectnetworld.com\/sv\/wp-json\/wp\/v2\/pages"}],"about":[{"href":"https:\/\/www.projectnetworld.com\/sv\/wp-json\/wp\/v2\/types\/page"}],"author":[{"embeddable":true,"href":"https:\/\/www.projectnetworld.com\/sv\/wp-json\/wp\/v2\/users\/2"}],"replies":[{"embeddable":true,"href":"https:\/\/www.projectnetworld.com\/sv\/wp-json\/wp\/v2\/comments?post=15298"}],"version-history":[{"count":4,"href":"https:\/\/www.projectnetworld.com\/sv\/wp-json\/wp\/v2\/pages\/15298\/revisions"}],"predecessor-version":[{"id":15321,"href":"https:\/\/www.projectnetworld.com\/sv\/wp-json\/wp\/v2\/pages\/15298\/revisions\/15321"}],"wp:attachment":[{"href":"https:\/\/www.projectnetworld.com\/sv\/wp-json\/wp\/v2\/media?parent=15298"}],"wp:term":[{"taxonomy":"category","embeddable":true,"href":"https:\/\/www.projectnetworld.com\/sv\/wp-json\/wp\/v2\/categories?post=15298"},{"taxonomy":"post_tag","embeddable":true,"href":"https:\/\/www.projectnetworld.com\/sv\/wp-json\/wp\/v2\/tags?post=15298"}],"curies":[{"name":"wp","href":"https:\/\/api.w.org\/{rel}","templated":true}]}}