{"id":15223,"date":"2022-09-15T13:37:23","date_gmt":"2022-09-15T13:37:23","guid":{"rendered":"https:\/\/www.projectnetworld.com\/handelser\/"},"modified":"2023-12-09T13:46:29","modified_gmt":"2023-12-09T13:46:29","slug":"handelser","status":"publish","type":"page","link":"https:\/\/www.projectnetworld.com\/sv\/handelser\/","title":{"rendered":"H\u00e4ndelser"},"content":{"rendered":"<div id='layer_slider_1'  class='avia-layerslider main_color avia-shadow  avia-builder-el-0  el_before_av_one_full  avia-builder-el-first  container_wrap sidebar_right'  style='height: 471px;'  ><link href=\"https:\/\/fonts.googleapis.com\/css?family=Open+Sans:100,100i,200,200i,300,300i,400,400i,500,500i,600,600i,700,700i,800,800i,900,900i\" rel=\"stylesheet\"><div id=\"layerslider_150_1pby4l4541nks\"  class=\"ls-wp-container fitvidsignore ls-selectable\" style=\"width:1140px;height:470px;margin:0 auto;\"><div class=\"ls-slide\" data-ls=\"bgposition:50% 50%;duration:7000;transition2d:11,13,23;transition3d:all;\"><img wpfc-lazyload-disable=\"true\" loading=\"lazy\" decoding=\"async\" width=\"1920\" height=\"470\" src=\"https:\/\/www.projectnetworld.com\/wp-content\/uploads\/2022\/09\/header-team-events.webp\" class=\"ls-bg\" alt=\"\" srcset=\"https:\/\/www.projectnetworld.com\/wp-content\/uploads\/2022\/09\/header-team-events.webp 1920w, https:\/\/www.projectnetworld.com\/wp-content\/uploads\/2022\/09\/header-team-events-300x73.webp 300w, https:\/\/www.projectnetworld.com\/wp-content\/uploads\/2022\/09\/header-team-events-1024x251.webp 1024w, https:\/\/www.projectnetworld.com\/wp-content\/uploads\/2022\/09\/header-team-events-768x188.webp 768w, https:\/\/www.projectnetworld.com\/wp-content\/uploads\/2022\/09\/header-team-events-1536x376.webp 1536w, https:\/\/www.projectnetworld.com\/wp-content\/uploads\/2022\/09\/header-team-events-1500x367.webp 1500w, https:\/\/www.projectnetworld.com\/wp-content\/uploads\/2022\/09\/header-team-events-705x173.webp 705w\" sizes=\"(max-width: 1920px) 100vw, 1920px\" wpfc-lazyload-disable=\"true\" \/><ls-layer style=\"font-size:36px;text-align:left;font-style:normal;text-decoration:none;text-transform:none;font-weight:400;letter-spacing:0px;background-position:0% 0%;background-repeat:no-repeat;opacity:0.75;width:568px;height:396px;top:37px;left:286px;color:#262223;line-height:falsepx;white-space:normal;\" class=\"ls-l ls-hide-desktop ls-shape-layer\"><svg xmlns=\"http:\/\/www.w3.org\/2000\/svg\" viewbox=\"-0 -0 250 150\"><path stroke=\"#262223\" stroke-width=\"0\" fill=\"currentColor\" d=\"M 0 2 A 2 2 0 0 1 2 0 L 248 0 A 2 2 0 0 1 250 2 L 250 148 A 2 2 0 0 1 248 150 L 2 150 A 2 2 0 0 1 0 148 Z\"><\/path><\/svg><\/ls-layer><ls-layer style=\"font-size:28px;text-align:center;font-style:normal;text-decoration:none;text-transform:none;font-weight:400;background-position:0% 0%;background-repeat:no-repeat;top:294px;left:465px;font-family:'Open Sans';color:#ffffff;\" class=\"ls-l ls-hide-desktop ls-text-layer\">Wir suchen Dich<\/ls-layer><ls-layer style=\"font-size:39px;text-align:center;font-style:normal;text-decoration:none;text-transform:none;font-weight:400;background-position:0% 0%;background-repeat:no-repeat;top:146px;left:310px;line-height:falsepx;font-family:'Open Sans';letter-spacing:-1.5px;color:#e4bf39;white-space:normal;\" class=\"ls-l ls-hide-desktop ls-text-layer\">WHAT'S<br>\nNEW<\/ls-layer><\/div><\/div><\/div><div id='after_layer_slider_1'  class='main_color av_default_container_wrap container_wrap sidebar_right'  ><div class='container av-section-cont-open' ><div class='template-page content  av-content-small alpha units'><div class='post-entry post-entry-type-page post-entry-15223'><div class='entry-content-wrapper clearfix'>\n<div class='flex_column av-1xp9rvu-233e68859f26dff19fecc835adcc40a4 av_one_full  avia-builder-el-1  el_after_av_layerslider  el_before_av_blog  avia-builder-el-first  first flex_column_div '   ><p>\n<style type=\"text\/css\" data-created_by=\"avia_inline_auto\" id=\"style-css-av-1msstwq-7645327fba697e064865a8274701aa01\">\n#top .av-special-heading.av-1msstwq-7645327fba697e064865a8274701aa01{\npadding-bottom:10px;\n}\nbody .av-special-heading.av-1msstwq-7645327fba697e064865a8274701aa01 .av-special-heading-tag .heading-char{\nfont-size:25px;\n}\n.av-special-heading.av-1msstwq-7645327fba697e064865a8274701aa01 .av-subheading{\nfont-size:15px;\n}\n<\/style>\n<div  class='av-special-heading av-1msstwq-7645327fba697e064865a8274701aa01 av-special-heading-h3 blockquote modern-quote  avia-builder-el-2  el_before_av_textblock  avia-builder-el-first '><h3 class='av-special-heading-tag'  itemprop=\"headline\"  >projectnetworld TEAM Kalender<\/h3><div class=\"special-heading-border\"><div class=\"special-heading-inner-border\"><\/div><\/div><\/div><br \/>\n<section  class='av_textblock_section av-1agrqy2-a8ea8cedf65391a439640a4bb7afff42'  itemscope=\"itemscope\" itemtype=\"https:\/\/schema.org\/CreativeWork\" ><div class='avia_textblock'  itemprop=\"text\" ><p>H\u00e4r hittar du de evenemang som vi har planerat f\u00f6r de kommande m\u00e5naderna.<\/p>\n<p>Inga f\u00f6rpliktelser &#8211; om du k\u00e4nner f\u00f6r det och har tid &#8211; registrera dig bara!<\/p>\n<p>Var och en av er kan bidra med id\u00e9er och \u00f6nskem\u00e5l &#8211; annars blir n\u00e4sta \u00e5r en f\u00e4rgstark blandning av konst och kultur, friluftsliv, sport och speciella saker \ud83d\ude09<\/p>\n<p>F\u00f6rslag som vi redan har f\u00e5tt:<\/p>\n<ul>\n<li>Pub Quiz [f\u00f6r f\u00f6rklaringen <a href=\"https:\/\/en.wikipedia.org\/wiki\/Pub_quiz\">Pub quiz &#8211; Wikipedia<\/a>]<\/li>\n<li>Third Man Tour i Wiens kanalsystem<\/li>\n<li>Karaoke med Esra &#8211; f\u00f6r alla som gillar att sjunga<\/li>\n<li>Gr\u00e4tzl-turer i Wien<a href=\"https:\/\/de.wikipedia.org\/wiki\/Gr%C3%A4tzl\">[Gr\u00e4tzl &#8211; Wikipedia<\/a>]<\/li>\n<li>Vandring runt Wien<\/li>\n<\/ul>\n<\/div><\/section><\/p><\/div>\n\n","protected":false},"excerpt":{"rendered":"","protected":false},"author":3,"featured_media":0,"parent":0,"menu_order":0,"comment_status":"closed","ping_status":"closed","template":"","meta":{"inline_featured_image":false,"footnotes":""},"categories":[],"tags":[121],"class_list":["post-15223","page","type-page","status-publish","hentry","tag-https-www-projectnetworld-com-wp-admin-post-phppost12586actioneditlangdedelete-sv"],"yoast_head":"<!-- This site is optimized with the Yoast SEO Premium plugin v25.4 (Yoast SEO v25.4) - https:\/\/yoast.com\/wordpress\/plugins\/seo\/ -->\n<title>H\u00e4ndelser - projectnetworld<\/title>\n<meta name=\"robots\" content=\"index, follow, max-snippet:-1, max-image-preview:large, max-video-preview:-1\" \/>\n<link rel=\"canonical\" href=\"https:\/\/www.projectnetworld.com\/sv\/handelser\/\" \/>\n<meta property=\"og:locale\" content=\"sv_SE\" \/>\n<meta property=\"og:type\" content=\"article\" \/>\n<meta property=\"og:title\" content=\"H\u00e4ndelser\" \/>\n<meta property=\"og:url\" content=\"https:\/\/www.projectnetworld.com\/sv\/handelser\/\" \/>\n<meta property=\"og:site_name\" content=\"projectnetworld\" \/>\n<meta property=\"article:publisher\" content=\"https:\/\/www.facebook.com\/projectnetworld\" \/>\n<meta property=\"article:modified_time\" content=\"2023-12-09T13:46:29+00:00\" \/>\n<meta name=\"twitter:card\" content=\"summary_large_image\" \/>\n<meta name=\"twitter:label1\" content=\"Ber\u00e4knad l\u00e4stid\" \/>\n\t<meta name=\"twitter:data1\" content=\"3 minuter\" \/>\n<script type=\"application\/ld+json\" class=\"yoast-schema-graph\">{\"@context\":\"https:\/\/schema.org\",\"@graph\":[{\"@type\":\"WebPage\",\"@id\":\"https:\/\/www.projectnetworld.com\/sv\/handelser\/\",\"url\":\"https:\/\/www.projectnetworld.com\/sv\/handelser\/\",\"name\":\"H\u00e4ndelser - projectnetworld\",\"isPartOf\":{\"@id\":\"https:\/\/www.projectnetworld.com\/sv\/#website\"},\"datePublished\":\"2022-09-15T13:37:23+00:00\",\"dateModified\":\"2023-12-09T13:46:29+00:00\",\"breadcrumb\":{\"@id\":\"https:\/\/www.projectnetworld.com\/sv\/handelser\/#breadcrumb\"},\"inLanguage\":\"sv-SE\",\"potentialAction\":[{\"@type\":\"ReadAction\",\"target\":[\"https:\/\/www.projectnetworld.com\/sv\/handelser\/\"]}]},{\"@type\":\"BreadcrumbList\",\"@id\":\"https:\/\/www.projectnetworld.com\/sv\/handelser\/#breadcrumb\",\"itemListElement\":[{\"@type\":\"ListItem\",\"position\":1,\"name\":\"Startseite\",\"item\":\"https:\/\/www.projectnetworld.com\/sv\/hem\/\"},{\"@type\":\"ListItem\",\"position\":2,\"name\":\"H\u00e4ndelser\"}]},{\"@type\":\"WebSite\",\"@id\":\"https:\/\/www.projectnetworld.com\/sv\/#website\",\"url\":\"https:\/\/www.projectnetworld.com\/sv\/\",\"name\":\"projectnetworld\",\"description\":\"Bauprojektmanagement Software\",\"publisher\":{\"@id\":\"https:\/\/www.projectnetworld.com\/sv\/#organization\"},\"potentialAction\":[{\"@type\":\"SearchAction\",\"target\":{\"@type\":\"EntryPoint\",\"urlTemplate\":\"https:\/\/www.projectnetworld.com\/sv\/?s={search_term_string}\"},\"query-input\":{\"@type\":\"PropertyValueSpecification\",\"valueRequired\":true,\"valueName\":\"search_term_string\"}}],\"inLanguage\":\"sv-SE\"},{\"@type\":[\"Organization\",\"Place\"],\"@id\":\"https:\/\/www.projectnetworld.com\/sv\/#organization\",\"name\":\"Project Networld AG\",\"url\":\"https:\/\/www.projectnetworld.com\/sv\/\",\"logo\":{\"@id\":\"https:\/\/www.projectnetworld.com\/sv\/handelser\/#local-main-organization-logo\"},\"image\":{\"@id\":\"https:\/\/www.projectnetworld.com\/sv\/handelser\/#local-main-organization-logo\"},\"sameAs\":[\"https:\/\/www.facebook.com\/projectnetworld\",\"https:\/\/www.linkedin.com\/company\/projectnetworldag\"],\"telephone\":[],\"openingHoursSpecification\":[{\"@type\":\"OpeningHoursSpecification\",\"dayOfWeek\":[\"Monday\",\"Tuesday\",\"Wednesday\",\"Thursday\",\"Friday\",\"Saturday\",\"Sunday\"],\"opens\":\"09:00\",\"closes\":\"17:00\"}]},{\"@type\":\"ImageObject\",\"inLanguage\":\"sv-SE\",\"@id\":\"https:\/\/www.projectnetworld.com\/sv\/handelser\/#local-main-organization-logo\",\"url\":\"https:\/\/www.projectnetworld.com\/wp-content\/uploads\/2022\/03\/pnw-footer-logo-1-1.svg\",\"contentUrl\":\"https:\/\/www.projectnetworld.com\/wp-content\/uploads\/2022\/03\/pnw-footer-logo-1-1.svg\",\"caption\":\"Project Networld AG\"}]}<\/script>\n<!-- \/ Yoast SEO Premium plugin. -->","yoast_head_json":{"title":"H\u00e4ndelser - projectnetworld","robots":{"index":"index","follow":"follow","max-snippet":"max-snippet:-1","max-image-preview":"max-image-preview:large","max-video-preview":"max-video-preview:-1"},"canonical":"https:\/\/www.projectnetworld.com\/sv\/handelser\/","og_locale":"sv_SE","og_type":"article","og_title":"H\u00e4ndelser","og_url":"https:\/\/www.projectnetworld.com\/sv\/handelser\/","og_site_name":"projectnetworld","article_publisher":"https:\/\/www.facebook.com\/projectnetworld","article_modified_time":"2023-12-09T13:46:29+00:00","twitter_card":"summary_large_image","twitter_misc":{"Ber\u00e4knad l\u00e4stid":"3 minuter"},"schema":{"@context":"https:\/\/schema.org","@graph":[{"@type":"WebPage","@id":"https:\/\/www.projectnetworld.com\/sv\/handelser\/","url":"https:\/\/www.projectnetworld.com\/sv\/handelser\/","name":"H\u00e4ndelser - projectnetworld","isPartOf":{"@id":"https:\/\/www.projectnetworld.com\/sv\/#website"},"datePublished":"2022-09-15T13:37:23+00:00","dateModified":"2023-12-09T13:46:29+00:00","breadcrumb":{"@id":"https:\/\/www.projectnetworld.com\/sv\/handelser\/#breadcrumb"},"inLanguage":"sv-SE","potentialAction":[{"@type":"ReadAction","target":["https:\/\/www.projectnetworld.com\/sv\/handelser\/"]}]},{"@type":"BreadcrumbList","@id":"https:\/\/www.projectnetworld.com\/sv\/handelser\/#breadcrumb","itemListElement":[{"@type":"ListItem","position":1,"name":"Startseite","item":"https:\/\/www.projectnetworld.com\/sv\/hem\/"},{"@type":"ListItem","position":2,"name":"H\u00e4ndelser"}]},{"@type":"WebSite","@id":"https:\/\/www.projectnetworld.com\/sv\/#website","url":"https:\/\/www.projectnetworld.com\/sv\/","name":"projectnetworld","description":"Bauprojektmanagement Software","publisher":{"@id":"https:\/\/www.projectnetworld.com\/sv\/#organization"},"potentialAction":[{"@type":"SearchAction","target":{"@type":"EntryPoint","urlTemplate":"https:\/\/www.projectnetworld.com\/sv\/?s={search_term_string}"},"query-input":{"@type":"PropertyValueSpecification","valueRequired":true,"valueName":"search_term_string"}}],"inLanguage":"sv-SE"},{"@type":["Organization","Place"],"@id":"https:\/\/www.projectnetworld.com\/sv\/#organization","name":"Project Networld AG","url":"https:\/\/www.projectnetworld.com\/sv\/","logo":{"@id":"https:\/\/www.projectnetworld.com\/sv\/handelser\/#local-main-organization-logo"},"image":{"@id":"https:\/\/www.projectnetworld.com\/sv\/handelser\/#local-main-organization-logo"},"sameAs":["https:\/\/www.facebook.com\/projectnetworld","https:\/\/www.linkedin.com\/company\/projectnetworldag"],"telephone":[],"openingHoursSpecification":[{"@type":"OpeningHoursSpecification","dayOfWeek":["Monday","Tuesday","Wednesday","Thursday","Friday","Saturday","Sunday"],"opens":"09:00","closes":"17:00"}]},{"@type":"ImageObject","inLanguage":"sv-SE","@id":"https:\/\/www.projectnetworld.com\/sv\/handelser\/#local-main-organization-logo","url":"https:\/\/www.projectnetworld.com\/wp-content\/uploads\/2022\/03\/pnw-footer-logo-1-1.svg","contentUrl":"https:\/\/www.projectnetworld.com\/wp-content\/uploads\/2022\/03\/pnw-footer-logo-1-1.svg","caption":"Project Networld AG"}]}},"_links":{"self":[{"href":"https:\/\/www.projectnetworld.com\/sv\/wp-json\/wp\/v2\/pages\/15223"}],"collection":[{"href":"https:\/\/www.projectnetworld.com\/sv\/wp-json\/wp\/v2\/pages"}],"about":[{"href":"https:\/\/www.projectnetworld.com\/sv\/wp-json\/wp\/v2\/types\/page"}],"author":[{"embeddable":true,"href":"https:\/\/www.projectnetworld.com\/sv\/wp-json\/wp\/v2\/users\/3"}],"replies":[{"embeddable":true,"href":"https:\/\/www.projectnetworld.com\/sv\/wp-json\/wp\/v2\/comments?post=15223"}],"version-history":[{"count":2,"href":"https:\/\/www.projectnetworld.com\/sv\/wp-json\/wp\/v2\/pages\/15223\/revisions"}],"predecessor-version":[{"id":15231,"href":"https:\/\/www.projectnetworld.com\/sv\/wp-json\/wp\/v2\/pages\/15223\/revisions\/15231"}],"wp:attachment":[{"href":"https:\/\/www.projectnetworld.com\/sv\/wp-json\/wp\/v2\/media?parent=15223"}],"wp:term":[{"taxonomy":"category","embeddable":true,"href":"https:\/\/www.projectnetworld.com\/sv\/wp-json\/wp\/v2\/categories?post=15223"},{"taxonomy":"post_tag","embeddable":true,"href":"https:\/\/www.projectnetworld.com\/sv\/wp-json\/wp\/v2\/tags?post=15223"}],"curies":[{"name":"wp","href":"https:\/\/api.w.org\/{rel}","templated":true}]}}